{"id":169,"date":"2021-06-16T19:32:55","date_gmt":"2021-06-16T19:32:55","guid":{"rendered":"https:\/\/naserodinka.com\/?page_id=169"},"modified":"2021-12-12T18:03:23","modified_gmt":"2021-12-12T18:03:23","slug":"cloud","status":"publish","type":"page","link":"https:\/\/naserodinka.com\/?page_id=169","title":{"rendered":"Cloud \u00falo\u017ei\u0161t\u011b"},"content":{"rendered":"\t\t<div data-elementor-type=\"wp-page\" data-elementor-id=\"169\" class=\"elementor elementor-169\">\n\t\t\t\t\t\t<section class=\"elementor-section elementor-top-section elementor-element elementor-element-49cb0fb7 elementor-section-height-min-height elementor-section-boxed elementor-section-height-default elementor-section-items-middle\" data-id=\"49cb0fb7\" data-element_type=\"section\" data-settings=\"{&quot;background_background&quot;:&quot;classic&quot;}\">\n\t\t\t\t\t\t<div class=\"elementor-container elementor-column-gap-default\">\n\t\t\t\t\t<div class=\"elementor-column elementor-col-100 elementor-top-column elementor-element elementor-element-507c3169\" data-id=\"507c3169\" data-element_type=\"column\">\n\t\t\t<div class=\"elementor-widget-wrap elementor-element-populated\">\n\t\t\t\t\t\t<div class=\"elementor-element elementor-element-55af7eb5 elementor-widget elementor-widget-image\" data-id=\"55af7eb5\" data-element_type=\"widget\" data-widget_type=\"image.default\">\n\t\t\t\t<div class=\"elementor-widget-container\">\n\t\t\t\t\t\t\t\t\t\t\t\t\t<img width=\"310\" height=\"69\" src=\"https:\/\/naserodinka.com\/wp-content\/uploads\/2021\/06\/Group-4.png\" class=\"attachment-large size-large wp-image-171\" alt=\"\" srcset=\"https:\/\/naserodinka.com\/wp-content\/uploads\/2021\/06\/Group-4.png 310w, https:\/\/naserodinka.com\/wp-content\/uploads\/2021\/06\/Group-4-300x67.png 300w\" sizes=\"(max-width: 310px) 100vw, 310px\" \/>\t\t\t\t\t\t\t\t\t\t\t\t\t<\/div>\n\t\t\t\t<\/div>\n\t\t\t\t<div class=\"elementor-element elementor-element-55de929c elementor-widget elementor-widget-heading\" data-id=\"55de929c\" data-element_type=\"widget\" data-widget_type=\"heading.default\">\n\t\t\t\t<div class=\"elementor-widget-container\">\n\t\t\t<h1 class=\"elementor-heading-title elementor-size-default\">Na\u0161e rodinka.....fotky, videa<\/h1>\t\t<\/div>\n\t\t\t\t<\/div>\n\t\t\t\t<section class=\"elementor-section elementor-inner-section elementor-element elementor-element-1e14e1e2 elementor-section-boxed elementor-section-height-default elementor-section-height-default elementor-invisible\" data-id=\"1e14e1e2\" data-element_type=\"section\" data-settings=\"{&quot;background_background&quot;:&quot;classic&quot;,&quot;animation&quot;:&quot;zoomIn&quot;}\">\n\t\t\t\t\t\t<div class=\"elementor-container elementor-column-gap-default\">\n\t\t\t\t\t<div class=\"elementor-column elementor-col-50 elementor-inner-column elementor-element elementor-element-247a420b\" data-id=\"247a420b\" data-element_type=\"column\" data-settings=\"{&quot;background_background&quot;:&quot;classic&quot;}\">\n\t\t\t<div class=\"elementor-widget-wrap elementor-element-populated\">\n\t\t\t\t\t\t<div class=\"elementor-element elementor-element-2223f8c2 elementor-widget elementor-widget-image\" data-id=\"2223f8c2\" data-element_type=\"widget\" data-widget_type=\"image.default\">\n\t\t\t\t<div class=\"elementor-widget-container\">\n\t\t\t\t\t\t\t\t\t\t\t\t\t<img fetchpriority=\"high\" width=\"600\" height=\"600\" src=\"https:\/\/naserodinka.com\/wp-content\/uploads\/2021\/06\/photo-1463704131914-97e5aaa0e339-copy.png\" class=\"attachment-large size-large wp-image-172\" alt=\"\" srcset=\"https:\/\/naserodinka.com\/wp-content\/uploads\/2021\/06\/photo-1463704131914-97e5aaa0e339-copy.png 600w, https:\/\/naserodinka.com\/wp-content\/uploads\/2021\/06\/photo-1463704131914-97e5aaa0e339-copy-300x300.png 300w, https:\/\/naserodinka.com\/wp-content\/uploads\/2021\/06\/photo-1463704131914-97e5aaa0e339-copy-150x150.png 150w\" sizes=\"(max-width: 600px) 100vw, 600px\" \/>\t\t\t\t\t\t\t\t\t\t\t\t\t<\/div>\n\t\t\t\t<\/div>\n\t\t\t\t\t<\/div>\n\t\t<\/div>\n\t\t\t\t<div class=\"elementor-column elementor-col-50 elementor-inner-column elementor-element elementor-element-16bca698\" data-id=\"16bca698\" data-element_type=\"column\" data-settings=\"{&quot;background_background&quot;:&quot;classic&quot;}\">\n\t\t\t<div class=\"elementor-widget-wrap elementor-element-populated\">\n\t\t\t\t\t\t<div class=\"elementor-element elementor-element-79960ba2 elementor-widget elementor-widget-heading\" data-id=\"79960ba2\" data-element_type=\"widget\" data-widget_type=\"heading.default\">\n\t\t\t\t<div class=\"elementor-widget-container\">\n\t\t\t<h3 class=\"elementor-heading-title elementor-size-default\">Tou\u017e\u00edte po tom, vr\u00e1tit se v \u010dase....<\/h3>\t\t<\/div>\n\t\t\t\t<\/div>\n\t\t\t\t<div class=\"elementor-element elementor-element-42355117 elementor-widget-divider--view-line elementor-widget elementor-widget-divider\" data-id=\"42355117\" data-element_type=\"widget\" data-widget_type=\"divider.default\">\n\t\t\t\t<div class=\"elementor-widget-container\">\n\t\t\t\t\t<div class=\"elementor-divider\">\n\t\t\t<span class=\"elementor-divider-separator\">\n\t\t\t\t\t\t<\/span>\n\t\t<\/div>\n\t\t\t\t<\/div>\n\t\t\t\t<\/div>\n\t\t\t\t<div class=\"elementor-element elementor-element-577a0fe4 elementor-widget elementor-widget-text-editor\" data-id=\"577a0fe4\" data-element_type=\"widget\" data-widget_type=\"text-editor.default\">\n\t\t\t\t<div class=\"elementor-widget-container\">\n\t\t\t\t\t\t\t<p>&#8230;prohr\u00e1bnout se star\u0161\u00edmi fotkami, p\u0159ehr\u00e1t star\u0161\u00ed videa. Pak sta\u010d\u00ed jen stisknout tla\u010d\u00edtko &#8222;CLOUD&#8220; a sklouznete do minulosti. Sta\u010d\u00ed jen vybrat rok.<\/p>\t\t\t\t\t\t<\/div>\n\t\t\t\t<\/div>\n\t\t\t\t<div class=\"elementor-element elementor-element-45d14787 elementor-mobile-align-center elementor-align-center elementor-widget elementor-widget-button\" data-id=\"45d14787\" data-element_type=\"widget\" data-widget_type=\"button.default\">\n\t\t\t\t<div class=\"elementor-widget-container\">\n\t\t\t\t\t<div class=\"elementor-button-wrapper\">\n\t\t\t<a class=\"elementor-button elementor-button-link elementor-size-sm\" href=\"https:\/\/os5.mycloud.com\/action\/share\/6694c942-1860-45a1-a00c-19609d70f2d8\" target=\"_blank\">\n\t\t\t\t\t\t<span class=\"elementor-button-content-wrapper\">\n\t\t\t\t\t\t\t\t\t<span class=\"elementor-button-text\">CLOUD<\/span>\n\t\t\t\t\t<\/span>\n\t\t\t\t\t<\/a>\n\t\t<\/div>\n\t\t\t\t<\/div>\n\t\t\t\t<\/div>\n\t\t\t\t\t<\/div>\n\t\t<\/div>\n\t\t\t\t\t<\/div>\n\t\t<\/section>\n\t\t\t\t<div class=\"elementor-element elementor-element-42664dc elementor-widget elementor-widget-heading\" data-id=\"42664dc\" data-element_type=\"widget\" data-widget_type=\"heading.default\">\n\t\t\t\t<div class=\"elementor-widget-container\">\n\t\t\t<h3 class=\"elementor-heading-title elementor-size-default\">V\u0161echny fotky a videa, na kter\u00e9 odkazuje tento odkaz, jsou ulo\u017een\u00e9 na \u00falo\u017ei\u0161ti My Cloud EX2 Ultra<\/h3>\t\t<\/div>\n\t\t\t\t<\/div>\n\t\t\t\t\t<\/div>\n\t\t<\/div>\n\t\t\t\t\t<\/div>\n\t\t<\/section>\n\t\t\t\t<\/div>\n\t\t","protected":false},"excerpt":{"rendered":"<p>Na\u0161e rodinka&#8230;..fotky, videa Tou\u017e\u00edte po tom, vr\u00e1tit se v \u010dase&#8230;. &#8230;prohr\u00e1bnout se star\u0161\u00edmi fotkami, p\u0159ehr\u00e1t star\u0161\u00ed videa. Pak sta\u010d\u00ed jen stisknout tla\u010d\u00edtko &#8222;CLOUD&#8220; a sklouznete do minulosti. Sta\u010d\u00ed jen vybrat rok. CLOUD V\u0161echny fotky a videa, na kter\u00e9 odkazuje tento odkaz, jsou ulo\u017een\u00e9 na \u00falo\u017ei\u0161ti My Cloud EX2 Ultra<\/p>\n","protected":false},"author":1,"featured_media":0,"parent":0,"menu_order":0,"comment_status":"closed","ping_status":"closed","template":"","meta":[],"_links":{"self":[{"href":"https:\/\/naserodinka.com\/index.php?rest_route=\/wp\/v2\/pages\/169"}],"collection":[{"href":"https:\/\/naserodinka.com\/index.php?rest_route=\/wp\/v2\/pages"}],"about":[{"href":"https:\/\/naserodinka.com\/index.php?rest_route=\/wp\/v2\/types\/page"}],"author":[{"embeddable":true,"href":"https:\/\/naserodinka.com\/index.php?rest_route=\/wp\/v2\/users\/1"}],"replies":[{"embeddable":true,"href":"https:\/\/naserodinka.com\/index.php?rest_route=%2Fwp%2Fv2%2Fcomments&post=169"}],"version-history":[{"count":17,"href":"https:\/\/naserodinka.com\/index.php?rest_route=\/wp\/v2\/pages\/169\/revisions"}],"predecessor-version":[{"id":275,"href":"https:\/\/naserodinka.com\/index.php?rest_route=\/wp\/v2\/pages\/169\/revisions\/275"}],"wp:attachment":[{"href":"https:\/\/naserodinka.com\/index.php?rest_route=%2Fwp%2Fv2%2Fmedia&parent=169"}],"curies":[{"name":"wp","href":"https:\/\/api.w.org\/{rel}","templated":true}]}}