{"id":70,"date":"2020-01-28T06:55:07","date_gmt":"2020-01-28T06:55:07","guid":{"rendered":"https:\/\/demo.themeansar.com\/newsup\/lite\/?page_id=70"},"modified":"2021-06-16T18:15:11","modified_gmt":"2021-06-16T18:15:11","slug":"contact","status":"publish","type":"page","link":"https:\/\/naserodinka.com\/?page_id=70","title":{"rendered":"Kontakt"},"content":{"rendered":"\t\t<div data-elementor-type=\"wp-page\" data-elementor-id=\"70\" class=\"elementor elementor-70\">\n\t\t\t\t\t\t<section class=\"elementor-section elementor-top-section elementor-element elementor-element-7a1493ed elementor-section-boxed elementor-section-height-default elementor-section-height-default\" data-id=\"7a1493ed\" data-element_type=\"section\">\n\t\t\t\t\t\t<div class=\"elementor-container elementor-column-gap-default\">\n\t\t\t\t\t<div class=\"elementor-column elementor-col-100 elementor-top-column elementor-element elementor-element-fa1c62e\" data-id=\"fa1c62e\" data-element_type=\"column\">\n\t\t\t<div class=\"elementor-widget-wrap elementor-element-populated\">\n\t\t\t\t\t\t<div class=\"elementor-element elementor-element-7b31edf1 elementor-widget elementor-widget-text-editor\" data-id=\"7b31edf1\" data-element_type=\"widget\" data-widget_type=\"text-editor.default\">\n\t\t\t\t<div class=\"elementor-widget-container\">\n\t\t\t\t\t\t\t<p>Pokud m\u00e1te p\u0159ipom\u00ednky, n\u00e1m\u011bty nebo cokoli ke zve\u0159ejn\u011bn\u00ed, nev\u00e1hejte m\u011b kontaktovat:<\/p>\t\t\t\t\t\t<\/div>\n\t\t\t\t<\/div>\n\t\t\t\t\t<\/div>\n\t\t<\/div>\n\t\t\t\t\t<\/div>\n\t\t<\/section>\n\t\t\t\t<section class=\"elementor-section elementor-top-section elementor-element elementor-element-7e2c087 elementor-section-boxed elementor-section-height-default elementor-section-height-default\" data-id=\"7e2c087\" data-element_type=\"section\">\n\t\t\t\t\t\t<div class=\"elementor-container elementor-column-gap-default\">\n\t\t\t\t\t<div class=\"elementor-column elementor-col-100 elementor-top-column elementor-element elementor-element-62c02a3\" data-id=\"62c02a3\" data-element_type=\"column\">\n\t\t\t<div class=\"elementor-widget-wrap\">\n\t\t\t\t\t\t\t<\/div>\n\t\t<\/div>\n\t\t\t\t\t<\/div>\n\t\t<\/section>\n\t\t\t\t<\/div>\n\t\t","protected":false},"excerpt":{"rendered":"<p>Pokud m\u00e1te p\u0159ipom\u00ednky, n\u00e1m\u011bty nebo cokoli ke zve\u0159ejn\u011bn\u00ed, nev\u00e1hejte m\u011b kontaktovat:<\/p>\n","protected":false},"author":1,"featured_media":0,"parent":0,"menu_order":0,"comment_status":"closed","ping_status":"closed","template":"","meta":[],"_links":{"self":[{"href":"https:\/\/naserodinka.com\/index.php?rest_route=\/wp\/v2\/pages\/70"}],"collection":[{"href":"https:\/\/naserodinka.com\/index.php?rest_route=\/wp\/v2\/pages"}],"about":[{"href":"https:\/\/naserodinka.com\/index.php?rest_route=\/wp\/v2\/types\/page"}],"author":[{"embeddable":true,"href":"https:\/\/naserodinka.com\/index.php?rest_route=\/wp\/v2\/users\/1"}],"replies":[{"embeddable":true,"href":"https:\/\/naserodinka.com\/index.php?rest_route=%2Fwp%2Fv2%2Fcomments&post=70"}],"version-history":[{"count":7,"href":"https:\/\/naserodinka.com\/index.php?rest_route=\/wp\/v2\/pages\/70\/revisions"}],"predecessor-version":[{"id":164,"href":"https:\/\/naserodinka.com\/index.php?rest_route=\/wp\/v2\/pages\/70\/revisions\/164"}],"wp:attachment":[{"href":"https:\/\/naserodinka.com\/index.php?rest_route=%2Fwp%2Fv2%2Fmedia&parent=70"}],"curies":[{"name":"wp","href":"https:\/\/api.w.org\/{rel}","templated":true}]}}